{"id":1968,"date":"2023-06-10T21:51:15","date_gmt":"2023-06-10T19:51:15","guid":{"rendered":"https:\/\/shernan.com\/vosotros\/"},"modified":"2025-08-27T13:51:57","modified_gmt":"2025-08-27T11:51:57","slug":"vosotros","status":"publish","type":"page","link":"https:\/\/shernan.com\/eu\/vosotros\/","title":{"rendered":"Zuek"},"content":{"rendered":"<p><a class=\"hover:font-favorit-lining\" href=\"https:\/\/shernan.com\/eu\/projects\/hiru-urte-bi-gabon-eta-marka-bat\/\" target=\"_blank\" rel=\"noopener\">Eroski<\/a>. Eitb. <a class=\"hover:font-favorit-lining\" href=\"https:\/\/shernan.com\/eu\/projects\/ez-dago-ura-baino-indartsuagorik\/\" target=\"_blank\" rel=\"noopener\">Gobierno Vasco<\/a>. <a class=\"hover:font-favorit-lining\" href=\"https:\/\/shernan.com\/eu\/projects\/manofiesto\/\" target=\"_blank\" rel=\"noopener\">Muga<\/a>. <a class=\"hover:font-favorit-lining\" href=\"https:\/\/shernan.com\/eu\/projects\/ikusmen-eta-narrazio-independentzia\/\" target=\"_blank\" rel=\"noopener\">Esergui-Avia<\/a>. <a class=\"hover:font-favorit-lining\" href=\"https:\/\/shernan.com\/eu\/projects\/3259\/\" target=\"_blank\" rel=\"noopener\">Diputaci\u00f3n Foral de Gipuzkoa<\/a>. <a class=\"hover:font-favorit-lining\" href=\"https:\/\/shernan.com\/eu\/projects\/basque-culinary-center\/\" target=\"_blank\" rel=\"noopener\">Basque Culinary Center.<\/a> <a class=\"hover:font-favorit-lining\" href=\"https:\/\/shernan.com\/eu\/projects\/marka-globalaren-kontaketa\/\" target=\"_blank\" rel=\"noopener\">Martin Berasategui<\/a>. <a class=\"hover:font-favorit-lining\" href=\"https:\/\/shernan.com\/eu\/projects\/hautsi-eta-aldarrikatu\/\" target=\"_blank\" rel=\"noopener\">Fiare<\/a>. <a class=\"hover:font-favorit-lining\" href=\"https:\/\/shernan.com\/eu\/projects\/marka-tonua\/\" target=\"_blank\" rel=\"noopener\">Moyua<\/a>. Athletic Club de Bilbao. Ayuntamiento de Donostia San Sebasti\u00e1n. BESA. ORSA. <a class=\"hover:font-favorit-lining\" href=\"https:\/\/shernan.com\/eu\/projects\/3493\/\" target=\"_blank\" rel=\"noopener\">Basque Beer.<\/a> <a class=\"hover:font-favorit-lining\" href=\"https:\/\/shernan.com\/eu\/projects\/25-urte-elkarrekin\/\" target=\"_blank\" rel=\"noopener\">Kursaal<\/a>. Red Bull. <a class=\"hover:font-favorit-lining\" href=\"https:\/\/shernan.com\/eu\/projects\/birposizionamendu-globala\/\" target=\"_blank\" rel=\"noopener\">COAAT Gipuzkoa.<\/a>\u00a0<a class=\"hover:font-favorit-lining\" href=\"https:\/\/shernan.com\/eu\/projects\/minifiesto\/\" target=\"_blank\" rel=\"noopener\">La Salle<\/a>. <a class=\"hover:font-favorit-lining\" href=\"https:\/\/shernan.com\/eu\/projects\/birposizionamendua\/\" target=\"_blank\" rel=\"noopener\">Areizaga<\/a>. Garbera. <a class=\"hover:font-favorit-lining\" href=\"https:\/\/shernan.com\/eu\/projects\/ctrlz\/\" target=\"_blank\" rel=\"noopener\">Barrilero y Asociados.<\/a> <a class=\"hover:font-favorit-lining\" href=\"https:\/\/shernan.com\/eu\/projects\/molan\/\" target=\"_blank\" rel=\"noopener\">Hosteler\u00eda Gipuzkoa<\/a>. David De Jorge. <a class=\"hover:font-favorit-lining\" href=\"https:\/\/shernan.com\/eu\/projects\/reposicionamiento-de-marca\/\" target=\"_blank\" rel=\"noopener\">Caf\u00e9s Aitona.<\/a> Fundaci\u00f3n Matia &amp; Guuk. <a class=\"hover:font-favorit-lining\" href=\"https:\/\/shernan.com\/eu\/projects\/real-club-de-tenis-san-sebastian-tenisekoa-izan\/\" target=\"_blank\" rel=\"noopener\">Real Club de Tenis de SS<\/a>. <a class=\"hover:font-favorit-lining\" href=\"https:\/\/shernan.com\/eu\/projects\/eremuan-ez-bazaude-eremu-kanpoan-zaude\/\" target=\"_blank\" rel=\"noopener\">\u00c1rea Escuela Superior de Dise\u00f1o<\/a>. Goenaga. Asisman. Jesuitinas Donostia. <a class=\"hover:font-favorit-lining\" href=\"https:\/\/shernan.com\/eu\/projects\/naturally-from-san-sebastian\/\" target=\"_blank\" rel=\"noopener\">SSLOW<\/a>. Unplanned Experiences. <a class=\"hover:font-favorit-lining\" href=\"https:\/\/shernan.com\/eu\/projects\/paper-sea\/\" target=\"_blank\" rel=\"noopener\">Orloga<\/a>. Berrilan. Ikusi. Ubarrechena Grupo. Az3Oeno. <a class=\"hover:font-favorit-lining\" href=\"https:\/\/shernan.com\/eu\/projects\/morir-remando\/\" target=\"_blank\" rel=\"noopener\">Arraun Lagunak<\/a>. Grupo Colino. Antiguoko. Donostiarra Kaiarriba. Frando Racing Team. Grupo Lurain. <a class=\"hover:font-favorit-lining\" href=\"https:\/\/shernan.com\/eu\/projects\/we-the-heart\/\" target=\"_blank\" rel=\"noopener\">Hart Hunting&amp;Fishing<\/a>. Bezalako markei laguntzen diegu.<\/p>\n","protected":false},"excerpt":{"rendered":"<p>Eroski. Eitb. Gobierno Vasco. Muga. Esergui-Avia. Diputaci\u00f3n Foral de Gipuzkoa. Basque Culinary Center. Martin Berasategui. Fiare. Moyua. Athletic Club de Bilbao. Ayuntamiento de Donostia San Sebasti\u00e1n. BESA. ORSA. Basque Beer. Kursaal. Red Bull. COAAT Gipuzkoa.\u00a0La Salle. Areizaga. Garbera. Barrilero y Asociados. Hosteler\u00eda Gipuzkoa. David De Jorge. Caf\u00e9s Aitona. Fundaci\u00f3n Matia &amp; Guuk. Real Club de [&hellip;]<\/p>\n","protected":false},"author":2,"featured_media":0,"parent":0,"menu_order":0,"comment_status":"closed","ping_status":"closed","template":"page-vosotros.php","meta":{"inline_featured_image":false,"footnotes":""},"class_list":["post-1968","page","type-page","status-publish","hentry"],"acf":[],"_links":{"self":[{"href":"https:\/\/shernan.com\/eu\/wp-json\/wp\/v2\/pages\/1968","targetHints":{"allow":["GET"]}}],"collection":[{"href":"https:\/\/shernan.com\/eu\/wp-json\/wp\/v2\/pages"}],"about":[{"href":"https:\/\/shernan.com\/eu\/wp-json\/wp\/v2\/types\/page"}],"author":[{"embeddable":true,"href":"https:\/\/shernan.com\/eu\/wp-json\/wp\/v2\/users\/2"}],"replies":[{"embeddable":true,"href":"https:\/\/shernan.com\/eu\/wp-json\/wp\/v2\/comments?post=1968"}],"version-history":[{"count":30,"href":"https:\/\/shernan.com\/eu\/wp-json\/wp\/v2\/pages\/1968\/revisions"}],"predecessor-version":[{"id":4174,"href":"https:\/\/shernan.com\/eu\/wp-json\/wp\/v2\/pages\/1968\/revisions\/4174"}],"wp:attachment":[{"href":"https:\/\/shernan.com\/eu\/wp-json\/wp\/v2\/media?parent=1968"}],"curies":[{"name":"wp","href":"https:\/\/api.w.org\/{rel}","templated":true}]}}